{"id":2,"date":"2025-11-13T21:09:34","date_gmt":"2025-11-13T21:09:34","guid":{"rendered":"https:\/\/bethand.org\/trr\/?page_id=2"},"modified":"2025-11-14T01:06:51","modified_gmt":"2025-11-13T22:06:51","slug":"bethand-2","status":"publish","type":"page","link":"https:\/\/bethand.org\/trr\/","title":{"rendered":"Bethand Giri\u015f, Bethand \u00dcyelik, Bethand Bonuslar\u0131"},"content":{"rendered":"<p><a href=\"https:\/\/bethand.org\/trr\/\"><strong>Bethand<\/strong><\/a> bahis firmas\u0131, modern tasar\u0131m\u0131, g\u00fc\u00e7l\u00fc altyap\u0131s\u0131 ve kendine \u00f6zg\u00fcn oyun portf\u00f6y\u00fcyle k\u0131sa s\u00fcrede kullan\u0131c\u0131lar\u0131n be\u011fenisini kazanmay\u0131 ba\u015farm\u0131\u015ft\u0131r. Platformun kurulu\u015f s\u00fcreci, \u00e7evrim i\u00e7i bahis d\u00fcnyas\u0131nda g\u00fcvenilir ve profesyonel sitelere duyulan ihtiyac\u0131n artt\u0131\u011f\u0131 bir d\u00f6neme denk gelmi\u015f ve bu ihtiyaca yan\u0131t verebilmek i\u00e7in alan\u0131nda uzman ekipler taraf\u0131ndan titizlikle geli\u015ftirilmi\u015ftir. Spor bahisleri, canl\u0131 bahis, casino ve canl\u0131 casino kategorilerinde sundu\u011fu kapsaml\u0131 hizmetler sayesinde kullan\u0131c\u0131lar, hem \u015feffaf hem s\u00fcrd\u00fcr\u00fclebilir hem de son derece keyifli bir oyun deneyimiyle kar\u015f\u0131la\u015fmaktad\u0131r.<\/p>\n<h2>Bethand Nedir?<\/h2>\n<p><img decoding=\"async\" class=\"alignnone size-full wp-image-6\" src=\"https:\/\/bethand.org\/trr\/wp-content\/uploads\/2025\/11\/bethand.webp\" alt=\"bethand\" width=\"1920\" height=\"1080\" srcset=\"https:\/\/bethand.org\/trr\/wp-content\/uploads\/2025\/11\/bethand.webp 1920w, https:\/\/bethand.org\/trr\/wp-content\/uploads\/2025\/11\/bethand-300x169.webp 300w, https:\/\/bethand.org\/trr\/wp-content\/uploads\/2025\/11\/bethand-1024x576.webp 1024w, https:\/\/bethand.org\/trr\/wp-content\/uploads\/2025\/11\/bethand-768x432.webp 768w, https:\/\/bethand.org\/trr\/wp-content\/uploads\/2025\/11\/bethand-1536x864.webp 1536w\" sizes=\"(max-width: 1920px) 100vw, 1920px\" \/><\/p>\n","protected":false},"excerpt":{"rendered":"<p>Bethand bahis firmas\u0131, modern tasar\u0131m\u0131, g\u00fc\u00e7l\u00fc altyap\u0131s\u0131 ve kendine \u00f6zg\u00fcn oyun portf\u00f6y\u00fcyle k\u0131sa s\u00fcrede kullan\u0131c\u0131lar\u0131n be\u011fenisini kazanmay\u0131 ba\u015farm\u0131\u015ft\u0131r. Platformun kurulu\u015f s\u00fcreci, \u00e7evrim i\u00e7i bahis d\u00fcnyas\u0131nda g\u00fcvenilir ve profesyonel sitelere duyulan ihtiyac\u0131n artt\u0131\u011f\u0131 bir d\u00f6neme denk gelmi\u015f ve bu ihtiyaca yan\u0131t verebilmek i\u00e7in alan\u0131nda uzman ekipler taraf\u0131ndan titizlikle geli\u015ftirilmi\u015ftir. Spor bahisleri, canl\u0131 bahis, casino ve canl\u0131&hellip;&nbsp;<\/p>\n","protected":false},"author":1,"featured_media":0,"parent":0,"menu_order":0,"comment_status":"closed","ping_status":"open","template":"","meta":{"neve_meta_sidebar":"","neve_meta_container":"","neve_meta_enable_content_width":"off","neve_meta_content_width":100,"neve_meta_title_alignment":"","neve_meta_author_avatar":"","neve_post_elements_order":"","neve_meta_disable_header":"","neve_meta_disable_footer":"","neve_meta_disable_title":"","footnotes":""},"class_list":["post-2","page","type-page","status-publish","hentry"],"amp_enabled":true,"_links":{"self":[{"href":"https:\/\/bethand.org\/trr\/wp-json\/wp\/v2\/pages\/2","targetHints":{"allow":["GET"]}}],"collection":[{"href":"https:\/\/bethand.org\/trr\/wp-json\/wp\/v2\/pages"}],"about":[{"href":"https:\/\/bethand.org\/trr\/wp-json\/wp\/v2\/types\/page"}],"author":[{"embeddable":true,"href":"https:\/\/bethand.org\/trr\/wp-json\/wp\/v2\/users\/1"}],"replies":[{"embeddable":true,"href":"https:\/\/bethand.org\/trr\/wp-json\/wp\/v2\/comments?post=2"}],"version-history":[{"count":4,"href":"https:\/\/bethand.org\/trr\/wp-json\/wp\/v2\/pages\/2\/revisions"}],"predecessor-version":[{"id":32,"href":"https:\/\/bethand.org\/trr\/wp-json\/wp\/v2\/pages\/2\/revisions\/32"}],"wp:attachment":[{"href":"https:\/\/bethand.org\/trr\/wp-json\/wp\/v2\/media?parent=2"}],"curies":[{"name":"wp","href":"https:\/\/api.w.org\/{rel}","templated":true}]}}