{"id":16,"date":"2025-11-14T00:27:32","date_gmt":"2025-11-13T21:27:32","guid":{"rendered":"https:\/\/bethand.org\/trr\/?page_id=16"},"modified":"2025-11-14T01:07:56","modified_gmt":"2025-11-13T22:07:56","slug":"iletisim","status":"publish","type":"page","link":"https:\/\/bethand.org\/trr\/iletisim\/","title":{"rendered":"\u0130leti\u015fim"},"content":{"rendered":"<p>\u0130stek, \u00f6neri veya her t\u00fcrl\u00fc i\u015f birli\u011fi i\u00e7in bizimle a\u015fa\u011f\u0131daki kanallar \u00fczerinden ileti\u015fime ge\u00e7ebilirsiniz.<\/p>\n<p><strong>E-posta:<\/strong> iletisim@bethand.org<br \/>\n<strong>Telegram:<\/strong> @betflexmarketing<\/p>\n","protected":false},"excerpt":{"rendered":"<p>\u0130stek, \u00f6neri veya her t\u00fcrl\u00fc i\u015f birli\u011fi i\u00e7in bizimle a\u015fa\u011f\u0131daki kanallar \u00fczerinden ileti\u015fime ge\u00e7ebilirsiniz. E-posta: iletisim@bethand.org Telegram: @betflexmarketing<\/p>\n","protected":false},"author":1,"featured_media":0,"parent":0,"menu_order":0,"comment_status":"closed","ping_status":"closed","template":"","meta":{"neve_meta_sidebar":"","neve_meta_container":"","neve_meta_enable_content_width":"off","neve_meta_content_width":100,"neve_meta_title_alignment":"","neve_meta_author_avatar":"","neve_post_elements_order":"","neve_meta_disable_header":"","neve_meta_disable_footer":"","neve_meta_disable_title":"","footnotes":""},"class_list":["post-16","page","type-page","status-publish","hentry"],"amp_enabled":true,"_links":{"self":[{"href":"https:\/\/bethand.org\/trr\/wp-json\/wp\/v2\/pages\/16","targetHints":{"allow":["GET"]}}],"collection":[{"href":"https:\/\/bethand.org\/trr\/wp-json\/wp\/v2\/pages"}],"about":[{"href":"https:\/\/bethand.org\/trr\/wp-json\/wp\/v2\/types\/page"}],"author":[{"embeddable":true,"href":"https:\/\/bethand.org\/trr\/wp-json\/wp\/v2\/users\/1"}],"replies":[{"embeddable":true,"href":"https:\/\/bethand.org\/trr\/wp-json\/wp\/v2\/comments?post=16"}],"version-history":[{"count":2,"href":"https:\/\/bethand.org\/trr\/wp-json\/wp\/v2\/pages\/16\/revisions"}],"predecessor-version":[{"id":33,"href":"https:\/\/bethand.org\/trr\/wp-json\/wp\/v2\/pages\/16\/revisions\/33"}],"wp:attachment":[{"href":"https:\/\/bethand.org\/trr\/wp-json\/wp\/v2\/media?parent=16"}],"curies":[{"name":"wp","href":"https:\/\/api.w.org\/{rel}","templated":true}]}}